{"id":17,"date":"2011-04-04T22:13:45","date_gmt":"2011-04-04T22:13:45","guid":{"rendered":"http:\/\/www.ec-philipp.com\/wordpress\/?page_id=17"},"modified":"2011-11-25T12:12:44","modified_gmt":"2011-11-25T10:12:44","slug":"produkte","status":"publish","type":"page","link":"http:\/\/www.ec-philipp.com\/?page_id=17","title":{"rendered":"Produkte"},"content":{"rendered":"<p>Bei mir erhalten Sie hochwertige Computersysteme, Zubeh\u00f6r sowie Erweiterungen f\u00fcr viele Einsatzgebiete.<br \/>\nDa ich keine gro\u00dfe Lagerhaltung f\u00fchre, ist es mir m\u00f6glich, Ihnen Top-Qualit\u00e4t zu g\u00fcnstigen Preisen zu bieten.<br \/>\nLassen Sie sich ein unverbindliches kostenloses Angebot erstellen!<br \/>\nAuf Ihren Wunsch stelle ich individuelle PC`s speziell f\u00fcr Sie zusammen.<br \/>\nNat\u00fcrlich k\u00f6nnen Sie bei mir auch s\u00e4mtliches Zubeh\u00f6r f\u00fcr den PC ordern, wie z.B.<\/p>\n<p>&nbsp;<\/p>\n<p style=\"padding-left: 60px;\">&#8211; Patchkabel<br \/>\n&#8211; Switche<br \/>\n&#8211; Router<br \/>\n&#8211; Erweiterungskarten<br \/>\n&#8211; Grafikkarten<br \/>\n&#8211; Prozessoren<br \/>\n&#8211; Arbeitsspeicher<br \/>\n&#8211; und vieles vieles mehr &#8230;<\/p>\n<p>&nbsp;<\/p>\n<p>&nbsp;<\/p>\n","protected":false},"excerpt":{"rendered":"<p>Bei mir erhalten Sie hochwertige Computersysteme, Zubeh\u00f6r sowie Erweiterungen f\u00fcr viele Einsatzgebiete. Da ich keine gro\u00dfe Lagerhaltung f\u00fchre, ist es mir m\u00f6glich, Ihnen Top-Qualit\u00e4t zu g\u00fcnstigen Preisen zu bieten. Lassen Sie sich ein unverbindliches kostenloses Angebot erstellen! Auf Ihren Wunsch stelle ich individuelle PC`s speziell f\u00fcr Sie zusammen. Nat\u00fcrlich k\u00f6nnen Sie bei mir auch s\u00e4mtliches &hellip; <\/p>\n<p><a class=\"more-link btn\" href=\"http:\/\/www.ec-philipp.com\/?page_id=17\">Weiterlesen<\/a><\/p>\n","protected":false},"author":1,"featured_media":0,"parent":0,"menu_order":0,"comment_status":"open","ping_status":"open","template":"","meta":{"footnotes":""},"class_list":["post-17","page","type-page","status-publish","hentry","nodate","item-wrap"],"_links":{"self":[{"href":"http:\/\/www.ec-philipp.com\/index.php?rest_route=\/wp\/v2\/pages\/17","targetHints":{"allow":["GET"]}}],"collection":[{"href":"http:\/\/www.ec-philipp.com\/index.php?rest_route=\/wp\/v2\/pages"}],"about":[{"href":"http:\/\/www.ec-philipp.com\/index.php?rest_route=\/wp\/v2\/types\/page"}],"author":[{"embeddable":true,"href":"http:\/\/www.ec-philipp.com\/index.php?rest_route=\/wp\/v2\/users\/1"}],"replies":[{"embeddable":true,"href":"http:\/\/www.ec-philipp.com\/index.php?rest_route=%2Fwp%2Fv2%2Fcomments&post=17"}],"version-history":[{"count":7,"href":"http:\/\/www.ec-philipp.com\/index.php?rest_route=\/wp\/v2\/pages\/17\/revisions"}],"predecessor-version":[{"id":112,"href":"http:\/\/www.ec-philipp.com\/index.php?rest_route=\/wp\/v2\/pages\/17\/revisions\/112"}],"wp:attachment":[{"href":"http:\/\/www.ec-philipp.com\/index.php?rest_route=%2Fwp%2Fv2%2Fmedia&parent=17"}],"curies":[{"name":"wp","href":"https:\/\/api.w.org\/{rel}","templated":true}]}}