{"id":61,"date":"2011-07-20T18:42:47","date_gmt":"2011-07-20T16:42:47","guid":{"rendered":"http:\/\/www.ec-philipp.com\/wordpress\/?page_id=61"},"modified":"2014-08-09T15:31:34","modified_gmt":"2014-08-09T14:31:34","slug":"impressum","status":"publish","type":"page","link":"http:\/\/www.ec-philipp.com\/?page_id=61","title":{"rendered":"Impressum"},"content":{"rendered":"<p><strong>Herausgeber<\/strong><\/p>\n<p>Alexander Philipp<br \/>\nAm Bonland 8<br \/>\n97464 Oberwerrn<\/p>\n<p><strong>Telefon:<\/strong> +49 (0)9726 3684<\/p>\n<p><strong>E-Mail:<\/strong> info@ec-philipp.com<br \/>\n<strong>Internet:<\/strong> http:\/\/www.ec-philipp.com<\/p>\n<p><strong>Inhaber:<\/strong> Alexander Philipp<\/p>\n<p>_____________________________________________<\/p>\n<p><strong>Rechtlicher Hinweis<\/strong><\/p>\n<p>Ich bem\u00fche mich, auf meiner Website zutreffende Informationen und Daten zur Verf\u00fcgung zu stellen. Eine Haftung oder Garantie fur die Aktualitat, Richtigkeit und Vollst\u00e4ndigkeit der zur Verf\u00fcgung gestellten Informationen und Daten ist jedoch ausgeschlossen. Dies gilt ebenfalls auch f\u00fcr alle anderen direkt oder indirekt angef\u00fchrten Websites, auf die mittels eines Hyperlinks verwiesen wird. Ich bin f\u00fcr den Inhalt solcher Websites, die mit diesen Links erreicht werden, nicht verantwortlich.<\/p>\n<p>_____________________________________________<\/p>\n<p><strong>Copyright<\/strong><\/p>\n<p>Sie d\u00fcrfen urheberrechtlich gesch\u00fctztes Material, das auf dieser Website verf\u00fcgbar ist, nicht kopieren, verwenden, \u00fcbertragen, verteilen, rekonstruieren oder in anderer Weise missbr\u00e4uchlich verwenden, au\u00dfer wenn dies ausdr\u00fccklich von den betreffenden Eigent\u00fcmern erlaubt wurde.<\/p>\n<p>Alle Markenzeichen, Dienstleistungsmarken und Firmennamen auf dieser Website sind Marken der jeweiligen Eigent\u00fcmer und jegliche nicht autorisierte Verwendung ist strikt untersagt.<\/p>\n<p>Sollte trotz aller Umsichtsma\u00dfnahmen ein Copyright verletzt worden sein bitte ich dies mir mitzuteilen, damit dies unverz\u00fcglich ge\u00e4ndert werden kann.<\/p>\n","protected":false},"excerpt":{"rendered":"<p>Herausgeber Alexander Philipp Am Bonland 8 97464 Oberwerrn Telefon: +49 (0)9726 3684 E-Mail: info@ec-philipp.com Internet: http:\/\/www.ec-philipp.com Inhaber: Alexander Philipp _____________________________________________ Rechtlicher Hinweis Ich bem\u00fche mich, auf meiner Website zutreffende Informationen und Daten zur Verf\u00fcgung zu stellen. Eine Haftung oder Garantie fur die Aktualitat, Richtigkeit und Vollst\u00e4ndigkeit der zur Verf\u00fcgung gestellten Informationen und Daten ist jedoch &hellip; <\/p>\n<p><a class=\"more-link btn\" href=\"http:\/\/www.ec-philipp.com\/?page_id=61\">Weiterlesen<\/a><\/p>\n","protected":false},"author":1,"featured_media":0,"parent":0,"menu_order":7,"comment_status":"closed","ping_status":"closed","template":"","meta":{"footnotes":""},"class_list":["post-61","page","type-page","status-publish","hentry","nodate","item-wrap"],"_links":{"self":[{"href":"http:\/\/www.ec-philipp.com\/index.php?rest_route=\/wp\/v2\/pages\/61","targetHints":{"allow":["GET"]}}],"collection":[{"href":"http:\/\/www.ec-philipp.com\/index.php?rest_route=\/wp\/v2\/pages"}],"about":[{"href":"http:\/\/www.ec-philipp.com\/index.php?rest_route=\/wp\/v2\/types\/page"}],"author":[{"embeddable":true,"href":"http:\/\/www.ec-philipp.com\/index.php?rest_route=\/wp\/v2\/users\/1"}],"replies":[{"embeddable":true,"href":"http:\/\/www.ec-philipp.com\/index.php?rest_route=%2Fwp%2Fv2%2Fcomments&post=61"}],"version-history":[{"count":9,"href":"http:\/\/www.ec-philipp.com\/index.php?rest_route=\/wp\/v2\/pages\/61\/revisions"}],"predecessor-version":[{"id":74,"href":"http:\/\/www.ec-philipp.com\/index.php?rest_route=\/wp\/v2\/pages\/61\/revisions\/74"}],"wp:attachment":[{"href":"http:\/\/www.ec-philipp.com\/index.php?rest_route=%2Fwp%2Fv2%2Fmedia&parent=61"}],"curies":[{"name":"wp","href":"https:\/\/api.w.org\/{rel}","templated":true}]}}