{"id":65,"date":"2011-07-20T18:44:04","date_gmt":"2011-07-20T16:44:04","guid":{"rendered":"http:\/\/www.ec-philipp.com\/wordpress\/?page_id=65"},"modified":"2014-08-09T15:32:00","modified_gmt":"2014-08-09T14:32:00","slug":"agb","status":"publish","type":"page","link":"http:\/\/www.ec-philipp.com\/?page_id=65","title":{"rendered":"AGB"},"content":{"rendered":"<p>&nbsp;<\/p>\n<h1><strong><span style=\"text-decoration: underline;\">Allgemeine Gesch\u00e4ftsbedingungen (AGB) <\/span><\/strong><\/h1>\n<p>Stand: 16.04.2007<\/p>\n<hr align=\"left\" width=\"100%\" \/>\n<p>&nbsp;<\/p>\n<table border=\"0\">\n<tbody>\n<tr>\n<td valign=\"top\" width=\"50px\"><strong>1.<\/strong><\/td>\n<td><strong>Allgemeines \/ Vertragsabschluss<\/strong><\/td>\n<\/tr>\n<tr>\n<td valign=\"top\"><strong>1.1.<\/strong><\/td>\n<td>Der Kaufvertrag kommt zustande, wenn EC-Philipp Ihren Auftrag durch Lieferung der Ware, bzw. durch Zusendung einer Auftragsbest\u00e4tigung in Textform annimmt.<\/td>\n<\/tr>\n<tr>\n<td valign=\"top\"><strong>1.2.<\/strong><\/td>\n<td>Ihre Bestellungen werden bei uns f\u00fcr 12 Monate nach Ihrer Bestellung gespeichert. Sollten Sie Ihre Unterlagen zu Ihren Bestellungen verlieren, wenden Sie sich bitte per E-Mail\/Fax\/Telefon an uns. Wir senden Ihnen gerne eine Kopie der Daten Ihrer Bestellung zu.<\/td>\n<\/tr>\n<\/tbody>\n<\/table>\n<p>&nbsp;<\/p>\n<hr align=\"left\" width=\"100%\" \/>\n<p>&nbsp;<\/p>\n<table border=\"0\">\n<tbody>\n<tr>\n<td valign=\"top\" width=\"50px\"><strong>2.<\/strong><\/td>\n<td><strong>Preise und Zahlungsbedingungen<\/strong><\/td>\n<\/tr>\n<tr>\n<td valign=\"top\"><strong>2.1.<\/strong><\/td>\n<td>F\u00fcr die Lieferung gelten die Listenpreise zum Zeitpunkt der Bestellung.<\/td>\n<\/tr>\n<tr>\n<td valign=\"top\"><strong>2.2.<\/strong><\/td>\n<td>Alle unsere Preise enthalten die gesetzliche Mehrwertsteuer und verstehen sich zzgl. Versandkosten, gegebenenfalls Nachnahmegeb\u00fchren, Installations- und Schulungskosten etc. Je nach Versandart errechnen sich die Versandkosten in Abh\u00e4ngigkeit von Gr\u00f6\u00dfe, Gewicht und Anzahl der Pakete.<\/td>\n<\/tr>\n<tr>\n<td valign=\"top\"><strong>2.3.<\/strong><\/td>\n<td>Unsere Rechnungen sind sofort f\u00e4llig und netto ohne Abzug zahlbar. Eine Zahlung gilt erst dann als erfolgt, wenn EC-Philipp \u00fcber den Betrag verf\u00fcgen kann. Im Falle eines Zahlungsverzuges sind wir berechtigt, Verzugszinsen f\u00fcr Verbraucher in H\u00f6he von 5% und f\u00fcr Unternehmer in H\u00f6he von 8% \u00fcber dem jeweiligen Basiszinssatz der EZB nach Diskont-\u00dcberleitungsgesetz zu berechnen. Schecks werden nur nach Vereinbarung und erf\u00fcllungshalber entgegengenommen und gelten erst nach ihrer Einl\u00f6sung als Zahlung. Diskont- und Einzugsspesen gehen zu Lasten des Bestellers. F\u00fcr die rechtzeitige Vorlage \u00fcbernehmen wir keine Haftung. Wechsel werden nicht angenommen.<\/td>\n<\/tr>\n<tr>\n<td valign=\"top\"><strong>2.4.<\/strong><\/td>\n<td>Unternehmern stehen Zur\u00fcckbehaltungsrechte nur zu, soweit deren Gegenanspruch auf dem gleichen Vertragsverh\u00e4ltnis beruht und dieser rechtskr\u00e4ftig festgestellt oder von uns anerkannt worden ist.<\/td>\n<\/tr>\n<\/tbody>\n<\/table>\n<p>&nbsp;<\/p>\n<hr align=\"left\" width=\"100%\" \/>\n<p>&nbsp;<\/p>\n<table border=\"0\">\n<tbody>\n<tr>\n<td width=\"50px\"><strong>3.<\/strong><\/td>\n<td><strong>Lieferfrist<\/strong><\/td>\n<\/tr>\n<tr>\n<td valign=\"top\"><strong>3.1.<\/strong><\/td>\n<td>Alle Artikel, die bei uns ab Lager sofort verf\u00fcgbar sind, werden in der Regel innerhalb von 48 Stunden, nach Eingang des zu zahlenden Betrags, auf den Versandweg gebracht. Sind Artikel nicht sofort verf\u00fcgbar, so dass sich die Lieferzeit verz\u00f6gert, wird EC-Philipp den Kunden davon unverz\u00fcglich unterrichten.<\/td>\n<\/tr>\n<tr>\n<td valign=\"top\"><strong>3.2.<\/strong><\/td>\n<td>Die vereinbarte Lieferfrist beginnt mit der unwidersprochenen oder best\u00e4tigten Bestellung.<\/td>\n<\/tr>\n<tr>\n<td valign=\"top\"><strong>3.3.<\/strong><\/td>\n<td>Die Lieferfrist verl\u00e4ngert sich ggf. um die Zeit, bis der K\u00e4ufer alle Angaben und Unterlagen \u00fcbergeben hat, welche f\u00fcr die Ausf\u00fchrung des Auftrages notwendig sind.<\/td>\n<\/tr>\n<tr>\n<td valign=\"top\"><strong>3.4.<\/strong><\/td>\n<td>Lieferverz\u00f6gerungen, die durch gesetzliche oder beh\u00f6rdliche Anordnungen (z.B. Import- und Exportbeschr\u00e4nkungen) verursacht werden und nicht von uns zu vertreten sind, verl\u00e4ngern die Lieferfrist entsprechend der Dauer derartiger Hindernisse. Deren Beginn und Ende werden wir in wichtigen F\u00e4llen dem K\u00e4ufer unverz\u00fcglich mitteilen.<\/td>\n<\/tr>\n<tr>\n<td valign=\"top\"><strong>3.5<\/strong><\/td>\n<td>Geraten wir mit der Lieferung in Verzug, so ist unsere Schadensersatzpflicht im Falle leichter Fahrl\u00e4ssigkeit auf den vorhersehbaren Schaden begrenzt. Weitergehende Schadensersatzanspr\u00fcche bestehen nur, wenn der Verzug auf Vorsatz oder grober Fahrl\u00e4ssigkeit beruht.<\/td>\n<\/tr>\n<\/tbody>\n<\/table>\n<p>&nbsp;<\/p>\n<hr align=\"left\" width=\"100%\" \/>\n<p>&nbsp;<\/p>\n<table border=\"0\">\n<tbody>\n<tr>\n<td valign=\"top\" width=\"50px\"><strong>4.<\/strong><\/td>\n<td><strong>Lieferung, Versand, Gefahr\u00fcbergang<\/strong><\/td>\n<\/tr>\n<tr>\n<td valign=\"top\"><strong>4.1.<\/strong><\/td>\n<td>Teillieferungen durch uns sind zul\u00e4ssig, soweit dies dem K\u00e4ufer zumutbar ist.<\/td>\n<\/tr>\n<tr>\n<td valign=\"top\"><strong>4.2.<\/strong><\/td>\n<td>Die Versandart, den Versandweg und die mit dem Versand beauftragte Firma k\u00f6nnen wir nach unserem Ermessen bestimmen, sofern der K\u00e4ufer keine ausdr\u00fccklichen Weisungen gibt.<\/td>\n<\/tr>\n<tr>\n<td valign=\"top\"><strong>4.3.<\/strong><\/td>\n<td>Im Falle eines Verbrauchsg\u00fcterkaufs geht die Gefahr auf den K\u00e4ufer \u00fcber, sobald die Sendung mit den Liefergegenst\u00e4nden vom Spediteur an den K\u00e4ufer \u00fcbergeben wird. Sofern die Transportverpackung bei Waren\u00fcbergabe und die darin enthaltenen Artikel offensichtliche Besch\u00e4digungen zeigen, hat der K\u00e4ufer dies gegen\u00fcber EC-Philipp binnen f\u00fcnf Werktagen zu r\u00fcgen. Anderenfalls k\u00f6nnen Anspr\u00fcche des K\u00e4ufers hinsichtlich der Besch\u00e4digung unter Ber\u00fccksichtigung von Treu und Glauben abgelehnt werden.<\/td>\n<\/tr>\n<tr>\n<td valign=\"top\"><strong>4.4.<\/strong><\/td>\n<td>Bitte beachten Sie auch unsere Informationen zu Versand und Lieferung.<\/td>\n<\/tr>\n<\/tbody>\n<\/table>\n<p>&nbsp;<\/p>\n<hr align=\"left\" width=\"100%\" \/>\n<p>&nbsp;<\/p>\n<table border=\"0\">\n<tbody>\n<tr>\n<td valign=\"top\" width=\"50px\"><strong>5.<\/strong><\/td>\n<td><strong>Widerrufsrecht bei Fernabsatzvertr\u00e4gen<\/strong><\/td>\n<\/tr>\n<tr>\n<td valign=\"top\"><strong>5.1.<\/strong><\/td>\n<td>Dem Verbraucher i.S.d. \u00a7 13 BGB steht bei Fernabsatzvertr\u00e4gen ein Widerrufsrecht zu. Nach Ma\u00dfgabe des Fernabsatzgesetzes hat er innerhalb von zwei Wochen die M\u00f6glichkeit, den Vertrag ohne Begr\u00fcndung zu widerrufen. Die Frist beginnt fr\u00fchestens mit Erhalt dieser Belehrung. Der Widerruf kann in Textform (z.B. Brief, Fax, E-Mail) oder durch R\u00fccksendung der Ware erfolgen; zur Fristwahrung gen\u00fcgt die rechtzeitige Absendung an: EC-Philipp, Am Bonland 8, D-97464, Oberwerrn; E-Mail: info@ec-philipp.de<\/td>\n<\/tr>\n<tr>\n<td valign=\"top\"><strong>5.2.<\/strong><\/td>\n<td>Der Verbraucher hat die Kosten der R\u00fccksendung zu tragen, wenn die gelieferte Ware der bestellten entspricht und wenn der Preis der zur\u00fcckzusendenden Sache einen Betrag von 40 Euro nicht \u00fcbersteigt oder wenn der Verbraucher bei einem h\u00f6heren Preis der Sache zum Zeitpunkt des Widerrufs noch nicht die Gegenleistung oder eine vertraglich vereinbarte Teilzahlung erbracht hat. Anderenfalls ist die R\u00fccksendung f\u00fcr den Verbraucher kostenfrei. Wertminderungen aus bestimmungsgem\u00e4\u00dfem Gebrauch sind vom Verbraucher zu erstatten, es sei denn, die Minderung ist lediglich auf die Pr\u00fcfung der Ware zur\u00fcckzuf\u00fchren. Wertminderungen k\u00f6nnen vermieden werden, wenn die Waren sorgf\u00e4ltig behandelt und der Einbau von Komponenten ausschlie\u00dflich durch qualifiziertes und autorisiertes technisches Personal durchgef\u00fchrt wird.<\/td>\n<\/tr>\n<tr>\n<td valign=\"top\"><strong>5.3.<\/strong><\/td>\n<td>Ein Widerrufsrecht besteht grunds\u00e4tzlich nicht bei: CDs, DVDs, CD-ROMs, Software, Softwarelizenzen und Videos, welche vom Verbraucher entsiegelt wurden. Auch bei Waren, die nach Kundenspezifikation gefertigt wurden, z.B. BTO-Systeme, ist ein Widerrufsrecht ausgeschlossen.<\/td>\n<\/tr>\n<\/tbody>\n<\/table>\n<p>&nbsp;<\/p>\n<hr align=\"left\" width=\"100%\" \/>\n<p>&nbsp;<\/p>\n<table border=\"0\">\n<tbody>\n<tr>\n<td valign=\"top\" width=\"50px\"><strong>6.<\/strong><\/td>\n<td><strong>Kulanzr\u00fccknahme \/ Annahmeverweigerung<\/strong><\/td>\n<\/tr>\n<tr>\n<td valign=\"top\"><strong>6.1.<\/strong><\/td>\n<td>Nach Ablauf der zweiw\u00f6chigen Widerrufsfrist oder bei K\u00e4ufern, die nicht Verbraucher i.S.d. \u00a7 13 BGB sind, erfolgt eine Warenr\u00fccknahme nur bei nachweislich falscher Belieferung. Bei Umtausch-, R\u00fccknahme- oder Gutschriftersuchen, deren Ursache EC-Philipp nicht zu vertreten hat, erfolgt eine Abwicklung nur nach schriftlicher Best\u00e4tigung durch den Verk\u00e4ufer. Dies gilt auch im Falle der von EC-Philipp veranlassten Abholung zur \u00dcberpr\u00fcfung des R\u00fccknahmegesuches. Grunds\u00e4tzliche Voraussetzung hierf\u00fcr ist die Beschaffenheit der Ware und deren wiederverkaufsf\u00e4higer Zustand. Der zu erwartende Erstattungsbetrag ergibt sich aus dem zum Zeitpunkt des Eingangs zu erzielenden Wiederverkaufspreises, abz\u00fcglich einer Storno-\/Bearbeitungsgeb\u00fchr von 10% des Rechnungsbetrags.<\/td>\n<\/tr>\n<tr>\n<td valign=\"top\"><strong>6.2.<\/strong><\/td>\n<td>Nimmt ein K\u00e4ufer, der nicht Verbraucher i.S.d. \u00a7 13 BGB ist, die verkaufte Ware nicht ab, so sind wir berechtigt, wahlweise auf Abnahme zu bestehen oder 10% des Kaufpreises als pauschalisierten Schadens- und Aufwendungsersatz zu verlangen, es sei denn, der K\u00e4ufer weist nach, dass ein Schaden nicht oder in geringerer H\u00f6he entstanden ist. Im Falle eines au\u00dfergew\u00f6hnlich hohen Schadens behalten wir uns das Recht vor, diesen geltend zu machen. F\u00fcr die Dauer des Annahmeverzugs des K\u00e4ufers ist EC-Philipp berechtigt, die Liefergegenst\u00e4nde auf Gefahr des K\u00e4ufers bei sich, bei einer Spedition oder einem Lagerhalter einzulagern. W\u00e4hrend der Dauer des Annahmeverzugs hat der K\u00e4ufer an EC-Philipp f\u00fcr die entstehenden Lagerkosten ohne weiteren Nachweis pro Monat pauschal 15,- Euro zu bezahlen. Die pauschale Entsch\u00e4digung mindert sich in dem Masse, wie der Kunde nachweist, dass Aufwendungen oder ein Schaden nicht entstanden sind. Im Falle au\u00dfergew\u00f6hnlich hoher Lagerkosten, behalten wir uns das Recht vor, diese geltend zu machen.<\/td>\n<\/tr>\n<\/tbody>\n<\/table>\n<p>&nbsp;<\/p>\n<hr align=\"left\" width=\"100%\" \/>\n<p>&nbsp;<\/p>\n<table border=\"0\">\n<tbody>\n<tr>\n<td valign=\"top\" width=\"50px\"><strong>7.<\/strong><\/td>\n<td><strong>Eigentumsvorbehalt<\/strong><\/td>\n<\/tr>\n<tr>\n<td valign=\"top\"><strong>7.1.<\/strong><\/td>\n<td>Wir behalten uns das Eigentum an der Kaufsache bis zur vollst\u00e4ndigen Bezahlung aller Forderungen aus dem Liefervertrag einschlie\u00dflich Nebenforderungen (z.B. Wechselkosten, Finanzierungskosten, Zinsen usw.) vor. Bei vertragswidrigem Verhalten des K\u00e4ufers sind wir berechtigt, die Kaufsache zur\u00fcckzuverlangen. In der Zur\u00fccknahme sowie in der Pf\u00e4ndung der Vorbehaltssache liegt kein R\u00fccktritt vom Vertrag.<\/td>\n<\/tr>\n<tr>\n<td valign=\"top\"><strong>7.2.<\/strong><\/td>\n<td>Bei Pf\u00e4ndungen oder sonstigen Eingriffen Dritter hat uns der K\u00e4ufer unverz\u00fcglich schriftlich zu benachrichtigen.<\/td>\n<\/tr>\n<tr>\n<td valign=\"top\"><strong>7.3.<\/strong><\/td>\n<td>Eine Verarbeitung oder Umbildung der Kaufsache durch den K\u00e4ufer wird stets f\u00fcr uns vorgenommen. Wird die Kaufsache mit anderen, uns nicht geh\u00f6renden Gegenst\u00e4nden verarbeitet, so erwerben wir das Miteigentum an der neuen Sache im Verh\u00e4ltnis des Wertes der Kaufsache zu den anderen verarbeitenden Gegenst\u00e4nden zur Zeit der Verarbeitung.<\/td>\n<\/tr>\n<tr>\n<td valign=\"top\"><strong>7.4.<\/strong><\/td>\n<td>Der K\u00e4ufer ist berechtigt, die Waren im ordentlichen Gesch\u00e4ftsgang weiter zu verkaufen. Er tritt jedoch bereits jetzt alle Forderungen gegen\u00fcber seinem Abnehmer oder Dritter aus der Weiterver\u00e4u\u00dferung in H\u00f6he des Faktura-Endbetrages an uns ab.<\/td>\n<\/tr>\n<\/tbody>\n<\/table>\n<p>&nbsp;<\/p>\n<hr align=\"left\" width=\"100%\" \/>\n<p>&nbsp;<\/p>\n<table border=\"0\">\n<tbody>\n<tr>\n<td valign=\"top\" width=\"50px\"><strong>8.<\/strong><\/td>\n<td><strong>Gew\u00e4hrleistung \/ Haftungsausschluss<\/strong><\/td>\n<\/tr>\n<tr>\n<td valign=\"top\"><strong>8.1.<\/strong><\/td>\n<td>Wir gew\u00e4hrleisten f\u00fcr die Dauer der Garantie des jeweiligen Herstellers ab Lieferdatum, dass die Liefergegenst\u00e4nde nach dem jeweiligen Stand der Technik frei von Fehlern sind. Eine Haftung f\u00fcr normale Abnutzung ist ausgeschlossen.<\/td>\n<\/tr>\n<tr>\n<td valign=\"top\"><strong>8.2.<\/strong><\/td>\n<td>Keine Gew\u00e4hr \u00fcbernehmen wir f\u00fcr M\u00e4ngel und Sch\u00e4den, die aus ungeeigneter oder unsachgem\u00e4\u00dfer Verwendung, Nichtbeachtung von Anwendungshinweisen oder fehlerhafter oder nachl\u00e4ssiger Behandlung entstanden sind. Dies gilt insbesondere f\u00fcr den Betrieb der Gegenst\u00e4nde mit falscher Stromart oder -spannung sowie Anschluss an ungeeigneten Stromquellen. Das gleiche gilt f\u00fcr M\u00e4ngel und Sch\u00e4den, die aufgrund von Brand, Blitzschlag, Explosion oder netzbedingten \u00dcberspannungen, Feuchtigkeit aller Art, falscher oder fehlender Programm-Software und\/oder Verarbeitungsdaten zur\u00fcckzuf\u00fchren sind, es sei denn, der K\u00e4ufer weist nach, dass diese Umst\u00e4nde nicht urs\u00e4chlich f\u00fcr den ger\u00fcgten Mangel sind.<\/td>\n<\/tr>\n<tr>\n<td valign=\"top\"><strong>8.3.<\/strong><\/td>\n<td>Die Gew\u00e4hrleistung erlischt, wenn der K\u00e4ufer Eingriffe und\/oder Reparaturen an Ger\u00e4ten vornimmt oder durch Personen vornehmen l\u00e4sst, die nicht von EC-Philipp autorisiert wurden, sofern der aufgetretene Mangel darauf beruht.<\/td>\n<\/tr>\n<tr>\n<td valign=\"top\"><strong>8.4.<\/strong><\/td>\n<td>Offensichtliche M\u00e4ngel sind sp\u00e4testens binnen zwei Wochen nach Empfang der Lieferung schriftlich anzuzeigen, wobei zur Fristwahrung die rechtzeitige Absendung gen\u00fcgt; anderenfalls sind hierf\u00fcr alle M\u00e4ngelanspr\u00fcche ausgeschlossen. Im kaufm\u00e4nnischen Verkehr gilt vorrangig \u00a7 377 HGB.<\/td>\n<\/tr>\n<tr>\n<td valign=\"top\"><strong>8.5.<\/strong><\/td>\n<td>Im Gew\u00e4hrleistungsfalle ist der Verbraucher nach seiner Wahl zur Geltendmachung eines Rechts auf M\u00e4ngelbeseitigung oder Lieferung mangelfreier Ware berechtigt (Nacherf\u00fcllung). Sofern die gew\u00e4hlte Art der Nacherf\u00fcllung mit unverh\u00e4ltnism\u00e4\u00dfig hohen Kosten verbunden ist, beschr\u00e4nkt sich der Anspruch auf die jeweils verbliebene Art der Nacherf\u00fcllung. Im Rahmen der Lieferung mangelfreier Ware gilt der Tausch in h\u00f6herwertigere Produkte mit vergleichbaren Eigenschaften bereits jetzt als akzeptiert, sofern dies dem Verbraucher zumutbar ist (z.B.: Austausch in das Nachfolgemodell, gleiche Modellserie, etc.). Weitergehende Rechte, insbesondere die R\u00fcckg\u00e4ngigmachung des Kaufvertrages, k\u00f6nnen nur nach Ablauf einer angemessenen Frist zur Nacherf\u00fcllung oder dem zweimaligen Fehlschlagen der Nacherf\u00fcllung geltend gemacht werden.<\/td>\n<\/tr>\n<tr>\n<td valign=\"top\"><strong>8.6.<\/strong><\/td>\n<td>Handelt es sich bei dem K\u00e4ufer um einen Unternehmer, so sind wir innerhalb eines Jahres nach Lieferdatum nach unserer Wahl zur M\u00e4ngelbeseitigung oder Lieferung mangelfreier Ware im Sinne des \u00a7 439 BGB berechtigt. Nach Ablauf eines Jahres ab Lieferdatum beschr\u00e4nken sich seine Gew\u00e4hrleistungsanspr\u00fcche auf M\u00e4ngelbeseitigung oder Zeitwertgutschrift nach unserer Wahl. Sollte der Unternehmer Aufwendungsersatz i.S.d. \u00a7 478 II BGB fordern, beschr\u00e4nkt sich dieser auf max. 2% des urspr\u00fcnglichen Warenwerts. Anspr\u00fcche, die auf \u00a7 478 BGB zur\u00fcckgehen, sind durch die 24-monatige Gew\u00e4hrleistung f\u00fcr Unternehmer nach 8.1 abgedungen im Sinne des gleichwertigen Ausgleichs nach \u00a7 478 IV S. 1 BGB.<\/td>\n<\/tr>\n<tr>\n<td valign=\"top\"><strong>8.7.<\/strong><\/td>\n<td>Durch einen Austausch im Rahmen der Gew\u00e4hrleistung\/Garantie treten keine neuen Gew\u00e4hrleistungs-\/Garantiefristen in Kraft; \u00a7 203 BGB bleibt unber\u00fchrt.<\/td>\n<\/tr>\n<tr>\n<td valign=\"top\"><strong>8.8.<\/strong><\/td>\n<td>Mit Ausnahme der Haftung f\u00fcr eine Verletzung von Leben, K\u00f6rper und Gesundheit sind weitergehende Anspr\u00fcche des K\u00e4ufers &#8211; gleich aus welchem Rechtsgrund &#8211; ausgeschlossen, soweit nicht ausdr\u00fccklich etwas anderes vereinbart wurde. Wir haften deshalb nicht f\u00fcr Sch\u00e4den, die nicht am Liefergegenstand unmittelbar entstanden sind; insbesondere haften wir nicht f\u00fcr entgangenen Gewinn oder sonstige Verm\u00f6genssch\u00e4den des K\u00e4ufers. Vorstehende Haftungsbefreiung gilt nicht, sofern der Schaden auf Vorsatz, grober Fahrl\u00e4ssigkeit oder Fehlen einer zugesicherten Eigenschaft, Verletzung vertragswesentlicher Pflichten, Leistungsverzug, Unm\u00f6glichkeit, sowie Anspr\u00fcchen nach \u00a7\u00a7 1, 4 des Produkthaftungsgesetzes beruht. F\u00fcr die Wiederherstellung von Daten haften wir nicht, es sei denn, dass wir den Verlust vors\u00e4tzlich oder grob fahrl\u00e4ssig verursacht haben und der K\u00e4ufer sichergestellt hat, dass eine Datensicherung erfolgt ist, so dass die Daten mit vertretbarem Aufwand rekonstruiert werden k\u00f6nnen.<\/td>\n<\/tr>\n<tr>\n<td valign=\"top\"><strong>8.9.<\/strong><\/td>\n<td>Zur Abwicklung von Gew\u00e4hrleistungsanspr\u00fcchen beachten Sie bitte die Hinweise in unseren aktuellen, jeder Lieferung beiliegenden R\u00fccksende- und Serviceinformationen.<\/td>\n<\/tr>\n<\/tbody>\n<\/table>\n<p>&nbsp;<\/p>\n<hr align=\"left\" width=\"100%\" \/>\n<p>&nbsp;<\/p>\n<table border=\"0\">\n<tbody>\n<tr>\n<td valign=\"top\" width=\"50px\"><strong>9.<\/strong><\/td>\n<td><strong>R\u00fccktritt bei Verm\u00f6gensverschlechterung<\/strong><\/td>\n<\/tr>\n<tr>\n<td valign=\"top\"><strong>\u00a0<\/strong><\/td>\n<td>Wir k\u00f6nnen vom Vertrag zur\u00fccktreten, wenn uns eine Zahlungseinstellung, die Er\u00f6ffnung des Konkurs- oder gerichtlichen Vergleichsverfahrens, die Ablehnung des Konkurses mangels Masse, Wechsel- oder Scheckproteste oder andere konkrete Anhaltspunkte \u00fcber Verschlechterung in den Verm\u00f6gensverh\u00e4ltnissen des K\u00e4ufers bekannt werden.<\/td>\n<\/tr>\n<\/tbody>\n<\/table>\n<p>&nbsp;<\/p>\n<hr align=\"left\" width=\"100%\" \/>\n<p>&nbsp;<\/p>\n<table border=\"0\">\n<tbody>\n<tr>\n<td valign=\"top\" width=\"50px\"><strong>10.<\/strong><\/td>\n<td><strong>Software, Literatur<\/strong><\/td>\n<\/tr>\n<tr>\n<td valign=\"top\"><strong>\u00a0<\/strong><\/td>\n<td>Bei Lieferung von Software gelten \u00fcber unsere Bedingungen hinaus die besonderen Lizenz- und sonstigen Bedingungen des Herstellers. Mit der Entgegennahme der Software erkennt der K\u00e4ufer deren Geltung ausdr\u00fccklich an.<\/td>\n<\/tr>\n<\/tbody>\n<\/table>\n<p>&nbsp;<\/p>\n<hr align=\"left\" width=\"100%\" \/>\n<p>&nbsp;<\/p>\n<table border=\"0\">\n<tbody>\n<tr>\n<td valign=\"top\" width=\"50px\"><strong>11.<\/strong><\/td>\n<td><strong>Verwendung von Kundendaten<\/strong><\/td>\n<\/tr>\n<tr>\n<td valign=\"top\"><strong>\u00a0<\/strong><\/td>\n<td>Wir sind berechtigt, alle Daten, die Gesch\u00e4ftsbeziehungen mit dem K\u00e4ufer betreffen, gem\u00e4\u00df dem Bundesdatenschutzgesetz zu verarbeiten.<\/td>\n<\/tr>\n<\/tbody>\n<\/table>\n<p>&nbsp;<\/p>\n<hr align=\"left\" width=\"100%\" \/>\n<p>&nbsp;<\/p>\n<table border=\"0\">\n<tbody>\n<tr>\n<td valign=\"top\" width=\"50px\"><strong>12.<\/strong><\/td>\n<td><strong>Ausfuhrgenehmigung<\/strong><\/td>\n<\/tr>\n<tr>\n<td valign=\"top\"><strong>\u00a0<\/strong><\/td>\n<td>Eventuell f\u00fcr die Ausfuhr der gelieferten Ware notwendige Zustimmungen des Bundesamtes f\u00fcr gewerbliche Wirtschaft in Eschborn\/Taunus sind vom K\u00e4ufer in eigenem Namen und auf eigene Kosten einzuholen. Die Versagung einer solchen Ausfuhrgenehmigung berechtigt den K\u00e4ufer nicht, vom Vertrag zur\u00fcckzutreten.<\/td>\n<\/tr>\n<\/tbody>\n<\/table>\n<p>&nbsp;<\/p>\n<hr align=\"left\" width=\"100%\" \/>\n<p>&nbsp;<\/p>\n<table border=\"0\">\n<tbody>\n<tr>\n<td valign=\"top\" width=\"50px\"><strong>13.<\/strong><\/td>\n<td><strong>Gerichtsstand, Teilunwirksamkeit, anwendbares Recht<\/strong><\/td>\n<\/tr>\n<tr>\n<td valign=\"top\"><strong>13.1.<\/strong><\/td>\n<td>Im Gesch\u00e4ftsverkehr mit Kaufleuten und mit juristischen Personen des \u00f6ffentlichen Rechts, wird als Gerichtsstand f\u00fcr alle aus dem Vertrag sich ergebenden Rechtsstreitigkeiten, einschlie\u00dflich Wechsel- und Scheckklagen, Schweinfurt vereinbart; wir sind auch berechtigt, am Sitz des K\u00e4ufers zu klagen.<\/td>\n<\/tr>\n<tr>\n<td valign=\"top\"><strong>13.2.<\/strong><\/td>\n<td>Bei Unwirksamkeit einzelner Bestimmungen des Liefervertrages oder dieser Allgemeinen Gesch\u00e4ftsbedingungen bleiben die \u00fcbrigen Bestimmungen weiterhin wirksam.<\/td>\n<\/tr>\n<tr>\n<td valign=\"top\"><strong>13.3.<\/strong><\/td>\n<td>Im Gesch\u00e4ftsverkehr mit Verbrauchern innerhalb der Europ\u00e4ischen Union kann auch das Recht am Wohnsitz des Verbrauchers anwendbar sein, sofern es sich zwingend um verbraucherrechtliche Bestimmungen handelt.<\/td>\n<\/tr>\n<\/tbody>\n<\/table>\n<hr align=\"left\" width=\"100%\" \/>\n<p><span style=\"font-size: small;\"><strong>EC-Philipp<\/strong><br \/>\nAm Bonland 8<br \/>\n97464 Oberwerrn<\/span><\/p>\n<p>Inh. Alexander Philipp<\/p>\n","protected":false},"excerpt":{"rendered":"<p>&nbsp; Allgemeine Gesch\u00e4ftsbedingungen (AGB) Stand: 16.04.2007 &nbsp; 1. Allgemeines \/ Vertragsabschluss 1.1. Der Kaufvertrag kommt zustande, wenn EC-Philipp Ihren Auftrag durch Lieferung der Ware, bzw. durch Zusendung einer Auftragsbest\u00e4tigung in Textform annimmt. 1.2. Ihre Bestellungen werden bei uns f\u00fcr 12 Monate nach Ihrer Bestellung gespeichert. Sollten Sie Ihre Unterlagen zu Ihren Bestellungen verlieren, wenden Sie &hellip; <\/p>\n<p><a class=\"more-link btn\" href=\"http:\/\/www.ec-philipp.com\/?page_id=65\">Weiterlesen<\/a><\/p>\n","protected":false},"author":1,"featured_media":0,"parent":0,"menu_order":7,"comment_status":"closed","ping_status":"closed","template":"","meta":{"footnotes":""},"class_list":["post-65","page","type-page","status-publish","hentry","nodate","item-wrap"],"_links":{"self":[{"href":"http:\/\/www.ec-philipp.com\/index.php?rest_route=\/wp\/v2\/pages\/65","targetHints":{"allow":["GET"]}}],"collection":[{"href":"http:\/\/www.ec-philipp.com\/index.php?rest_route=\/wp\/v2\/pages"}],"about":[{"href":"http:\/\/www.ec-philipp.com\/index.php?rest_route=\/wp\/v2\/types\/page"}],"author":[{"embeddable":true,"href":"http:\/\/www.ec-philipp.com\/index.php?rest_route=\/wp\/v2\/users\/1"}],"replies":[{"embeddable":true,"href":"http:\/\/www.ec-philipp.com\/index.php?rest_route=%2Fwp%2Fv2%2Fcomments&post=65"}],"version-history":[{"count":14,"href":"http:\/\/www.ec-philipp.com\/index.php?rest_route=\/wp\/v2\/pages\/65\/revisions"}],"predecessor-version":[{"id":175,"href":"http:\/\/www.ec-philipp.com\/index.php?rest_route=\/wp\/v2\/pages\/65\/revisions\/175"}],"wp:attachment":[{"href":"http:\/\/www.ec-philipp.com\/index.php?rest_route=%2Fwp%2Fv2%2Fmedia&parent=65"}],"curies":[{"name":"wp","href":"https:\/\/api.w.org\/{rel}","templated":true}]}}