{"id":140,"date":"2012-06-14T15:28:48","date_gmt":"2012-06-14T14:28:48","guid":{"rendered":"http:\/\/www.ec-philipp.com\/?page_id=140"},"modified":"2012-06-14T15:28:48","modified_gmt":"2012-06-14T14:28:48","slug":"home","status":"publish","type":"page","link":"https:\/\/www.ec-philipp.com\/","title":{"rendered":"Home"},"content":{"rendered":"<h1>Herzlich Willkommen!<\/h1>\n<p>&nbsp;<\/p>\n<p><strong>Ich freue mich, Sie auf meiner Webseite begr\u00fc\u00dfen zu d\u00fcrfen.<\/strong><\/p>\n<p>&nbsp;<\/p>\n<table width=\"520\" border=\"0\">\n<tbody>\n<tr>\n<td align=\"left\" valign=\"top\" width=\"75px\"><img decoding=\"async\" src=\"http:\/\/ec-philipp.com\/Bilder_EC-Philipp\/Documents.jpg\" alt=\"Bild\" width=\"64px\" height=\"64px\" border=\"0\" \/><\/td>\n<td width=\"*\">Ich begleite Sie von A bis Z &#8211; von der Angebotserstellung \u00fcber Beratung bis hin zum gew\u00fcnschten Ziel.<\/td>\n<\/tr>\n<\/tbody>\n<\/table>\n<table width=\"520\" border=\"0\">\n<tbody>\n<tr>\n<td align=\"left\" valign=\"top\" width=\"75px\"><img decoding=\"async\" src=\"http:\/\/ec-philipp.com\/Bilder_EC-Philipp\/bin.jpg\" alt=\"Bild\" width=\"64px\" height=\"64px\" border=\"0\" \/><\/td>\n<td width=\"*\">Ich stehe Ihnen jeder Zeit mit Rat und Tat zur Seite.<\/td>\n<\/tr>\n<\/tbody>\n<\/table>\n<table width=\"520\" border=\"0\">\n<tbody>\n<tr>\n<td align=\"left\" valign=\"top\" width=\"75px\"><img decoding=\"async\" src=\"http:\/\/ec-philipp.com\/Bilder_EC-Philipp\/post.jpg\" alt=\"Bild\" width=\"64px\" height=\"64px\" border=\"0\" \/><\/td>\n<td width=\"*\">Sie erreichen mich per <a href=\"http:\/\/ec-philipp.com\/kontakt.html\">E-Mail, Telefon<\/a> oder gerne auch pers\u00f6nlich bei einem vorher vereinbarten Termin.<\/td>\n<\/tr>\n<\/tbody>\n<\/table>\n<p>&nbsp;<\/p>\n<p>Ich setze auf qualitativ hochwertige Arbeit, Produkte und pers\u00f6nlichen Kundenkontakt. Sie erhalten eine individuelle Beratung, schnellen und professionellen Service zu fairen Preisen. Ich biete Hard- und Software f\u00fcr jeden Einsatz, ob f\u00fcr den High-End-Spieler oder den Privat-User.<\/p>\n<ul id=\"Auf\">\n<li>individuell zusammengestellt oder als Komplettsystem<\/li>\n<li>Einzelger\u00e4t oder ein ganzes Netzwerk<\/li>\n<li>Alles aus einer Hand.<\/li>\n<\/ul>\n","protected":false},"excerpt":{"rendered":"<p>Herzlich Willkommen! &nbsp; Ich freue mich, Sie auf meiner Webseite begr\u00fc\u00dfen zu d\u00fcrfen. &nbsp; Ich begleite Sie von A bis Z &#8211; von der Angebotserstellung \u00fcber Beratung bis hin zum gew\u00fcnschten Ziel. Ich stehe Ihnen jeder Zeit mit Rat und Tat zur Seite. Sie erreichen mich per E-Mail, Telefon oder gerne auch pers\u00f6nlich bei einem &hellip; <\/p>\n<p><a class=\"more-link btn\" href=\"https:\/\/www.ec-philipp.com\/\">Weiterlesen<\/a><\/p>\n","protected":false},"author":1,"featured_media":0,"parent":0,"menu_order":0,"comment_status":"closed","ping_status":"closed","template":"","meta":{"footnotes":""},"class_list":["post-140","page","type-page","status-publish","hentry","nodate","item-wrap"],"_links":{"self":[{"href":"https:\/\/www.ec-philipp.com\/index.php?rest_route=\/wp\/v2\/pages\/140","targetHints":{"allow":["GET"]}}],"collection":[{"href":"https:\/\/www.ec-philipp.com\/index.php?rest_route=\/wp\/v2\/pages"}],"about":[{"href":"https:\/\/www.ec-philipp.com\/index.php?rest_route=\/wp\/v2\/types\/page"}],"author":[{"embeddable":true,"href":"https:\/\/www.ec-philipp.com\/index.php?rest_route=\/wp\/v2\/users\/1"}],"replies":[{"embeddable":true,"href":"https:\/\/www.ec-philipp.com\/index.php?rest_route=%2Fwp%2Fv2%2Fcomments&post=140"}],"version-history":[{"count":2,"href":"https:\/\/www.ec-philipp.com\/index.php?rest_route=\/wp\/v2\/pages\/140\/revisions"}],"predecessor-version":[{"id":142,"href":"https:\/\/www.ec-philipp.com\/index.php?rest_route=\/wp\/v2\/pages\/140\/revisions\/142"}],"wp:attachment":[{"href":"https:\/\/www.ec-philipp.com\/index.php?rest_route=%2Fwp%2Fv2%2Fmedia&parent=140"}],"curies":[{"name":"wp","href":"https:\/\/api.w.org\/{rel}","templated":true}]}}